{"id":5583,"date":"2017-03-20T16:36:55","date_gmt":"2017-03-20T16:36:55","guid":{"rendered":"http:\/\/balticantiques.eu\/?post_type=product&#038;p=5583"},"modified":"2017-03-20T16:36:55","modified_gmt":"2017-03-20T16:36:55","slug":"latvia-postcard-gulberes-lake-medzula","status":"publish","type":"product","link":"https:\/\/balticantiques.eu\/en\/shop\/postcards\/latvia-postcard-gulberes-lake-medzula\/","title":{"rendered":"Latvia. Postcard. Gulb\u0113res lake M\u0113dzul\u0101."},"content":{"rendered":"<p><strong>Latvia. Postcard. Gulb\u0113res lake M\u0113dzul\u0101.<\/strong><\/p>\n<div style=\"font-size: xx-small;color: #0000ff;display: inline-block;text-align: center;width: 100%;\">\n<a href=\"https:\/\/popacular.com\/\" rel=\"noreferrer\">Slot pulsa tanpa potongan<\/a>, <a href=\"http:\/\/canvas.iw.edu\/\" rel=\"noreferrer\">slot gacor<\/a>, <a href=\"http:\/\/slot-gacor.nysenate.gov\/\" rel=\"noreferrer\">slot online<\/a>, <a href=\"http:\/\/slot-deposit-pulsa.learning.moleskine.com\/\" rel=\"noreferrer\">slot deposit pulsa<\/a>, <a href=\"http:\/\/slot-gacor.accounts.fcbarcelona.com\/\" rel=\"noreferrer\">situs slot gacor<\/a>\n<\/div>\n","protected":false},"excerpt":{"rendered":"Latvia. Postcard. Gulb\u0113res lake M\u0113dzul\u0101. Slot pulsa tanpa potongan, slot gacor, slot online, slot deposit pulsa, situs slot gacor","protected":false},"featured_media":5584,"comment_status":"open","ping_status":"closed","template":"","meta":[],"_links":{"self":[{"href":"https:\/\/balticantiques.eu\/en\/wp-json\/wp\/v2\/product\/5583"}],"collection":[{"href":"https:\/\/balticantiques.eu\/en\/wp-json\/wp\/v2\/product"}],"about":[{"href":"https:\/\/balticantiques.eu\/en\/wp-json\/wp\/v2\/types\/product"}],"replies":[{"embeddable":true,"href":"https:\/\/balticantiques.eu\/en\/wp-json\/wp\/v2\/comments?post=5583"}],"wp:featuredmedia":[{"embeddable":true,"href":"https:\/\/balticantiques.eu\/en\/wp-json\/wp\/v2\/media\/5584"}],"wp:attachment":[{"href":"https:\/\/balticantiques.eu\/en\/wp-json\/wp\/v2\/media?parent=5583"}],"curies":[{"name":"wp","href":"https:\/\/api.w.org\/{rel}","templated":true}]}}